{"id":1049,"date":"2018-12-03T21:00:30","date_gmt":"2018-12-03T20:00:30","guid":{"rendered":"http:\/\/www.selvazzanobasket.it\/?page_id=1049"},"modified":"2019-01-13T11:01:36","modified_gmt":"2019-01-13T10:01:36","slug":"chi-siamo","status":"publish","type":"page","link":"https:\/\/www.selvazzanobasket.it\/index.php\/chi-siamo\/","title":{"rendered":"Chi siamo"},"content":{"rendered":"\n<div class=\"wp-block-image\"><figure class=\"aligncenter\"><img loading=\"lazy\" decoding=\"async\" width=\"415\" height=\"312\" src=\"http:\/\/www.selvazzanobasket.it\/wp-content\/uploads\/2018\/12\/Logo.png\" alt=\"\" class=\"wp-image-1100\" srcset=\"https:\/\/www.selvazzanobasket.it\/wp-content\/uploads\/2018\/12\/Logo.png 415w, https:\/\/www.selvazzanobasket.it\/wp-content\/uploads\/2018\/12\/Logo-300x226.png 300w\" sizes=\"(max-width: 415px) 100vw, 415px\" \/><\/figure><\/div>\n\n\n<p>Nati nel 1994 come attivit\u00e0 sportiva, diventiamo ASSOCIAZIONE SPORTIVA DILETTANTISTICA SELVAZZANO BASKET nel 2010.<br>Iscritti regolarmente al CONI, svolgiamo prevalentemente la nostra attivit\u00e0 sotto l\u2019egida della Federazione Italiana Pallacanestro dove tutti i nostri atleti sono tesserati.<br>Svolgiamo attivit\u00e0 di promozione e divulgazione della Pallacanestro a partire dai pi\u00f9 piccoli, \u201cprima fascia\u201d bambini iscritti alle materne, fino ad atleti seniores.<\/p>\n<p>Il nostro CENTRO MINIBASKET, ha conseguito il titolo di: \u201c<strong>Scuola Federale Minibasket e Centro Scolastico Federale<\/strong>\u201d, in conseguenza dell\u2019attivit\u00e0 svolta negli anni.<br>Sin dall\u2019inizio della nostra attivit\u00e0, gli obbiettivi principali che ci siamo prefissati sono quelli di:<\/p>\n<ul>\n<li><em>&nbsp;&nbsp;&nbsp;&nbsp;&nbsp; diffondere il gioco della pallacanestro nel territorio comunale;<\/em><\/li>\n<li><em>&nbsp;&nbsp;&nbsp;&nbsp;&nbsp; insegnare ai giovani atleti sani principi sportivi e morali<\/em><\/li>\n<li><em>&nbsp;<\/em><em>&nbsp; &nbsp; &nbsp;sviluppare l\u2019aggregazione e la socializzazione tra i vari atleti&nbsp;<\/em><em>delle diverse fasce d\u2019et\u00e0.<br><\/em><\/li>\n<\/ul>\n\n\n<div style=\"height:32px\" aria-hidden=\"true\" class=\"wp-block-spacer\"><\/div>\n\n\n\n<p>Questi i nostri obiettivi che cerchiamo con costanza, volont\u00e0 e dedizione di portare avanti, grazie al lavoro e all\u2019impegno di tanti volontari che dedicano il loro tempo libero a questa sana causa sociale.<\/p>\n\n\n\n<p>Non \u00e8 un\u2019Associazione professionistica, ma agonistica nelle giuste dimensioni, perch\u00e9 giocare e divertirsi \u00e8 meglio, ma vincere da morale e felicit\u00e0.<\/p>\n","protected":false},"excerpt":{"rendered":"<p>Nati nel 1994 come attivit\u00e0 sportiva, diventiamo ASSOCIAZIONE SPORTIVA DILETTANTISTICA SELVAZZANO BASKET nel 2010.Iscritti regolarmente al CONI, svolgiamo prevalentemente la nostra attivit\u00e0 sotto l\u2019egida della Federazione Italiana Pallacanestro dove tutti i nostri atleti sono tesserati.Svolgiamo attivit\u00e0 di promozione e divulgazione della Pallacanestro a partire dai pi\u00f9 piccoli, \u201cprima fascia\u201d bambini iscritti alle materne, fino ad&#8230;<\/p>\n","protected":false},"author":2,"featured_media":0,"parent":0,"menu_order":0,"comment_status":"closed","ping_status":"closed","template":"","meta":{"inline_featured_image":false,"footnotes":""},"aioseo_notices":[],"_links":{"self":[{"href":"https:\/\/www.selvazzanobasket.it\/index.php\/wp-json\/wp\/v2\/pages\/1049"}],"collection":[{"href":"https:\/\/www.selvazzanobasket.it\/index.php\/wp-json\/wp\/v2\/pages"}],"about":[{"href":"https:\/\/www.selvazzanobasket.it\/index.php\/wp-json\/wp\/v2\/types\/page"}],"author":[{"embeddable":true,"href":"https:\/\/www.selvazzanobasket.it\/index.php\/wp-json\/wp\/v2\/users\/2"}],"replies":[{"embeddable":true,"href":"https:\/\/www.selvazzanobasket.it\/index.php\/wp-json\/wp\/v2\/comments?post=1049"}],"version-history":[{"count":16,"href":"https:\/\/www.selvazzanobasket.it\/index.php\/wp-json\/wp\/v2\/pages\/1049\/revisions"}],"predecessor-version":[{"id":1715,"href":"https:\/\/www.selvazzanobasket.it\/index.php\/wp-json\/wp\/v2\/pages\/1049\/revisions\/1715"}],"wp:attachment":[{"href":"https:\/\/www.selvazzanobasket.it\/index.php\/wp-json\/wp\/v2\/media?parent=1049"}],"curies":[{"name":"wp","href":"https:\/\/api.w.org\/{rel}","templated":true}]}}