{"id":1572,"date":"2019-01-03T12:01:01","date_gmt":"2019-01-03T11:01:01","guid":{"rendered":"http:\/\/www.selvazzanobasket.it\/?page_id=1572"},"modified":"2019-01-03T12:01:03","modified_gmt":"2019-01-03T11:01:03","slug":"cookie-policy","status":"publish","type":"page","link":"https:\/\/www.selvazzanobasket.it\/index.php\/cookie-policy\/","title":{"rendered":"Cookie Policy"},"content":{"rendered":"\n<p> L\u2019uso dei cookies di sessione \u00e8 strettamente funzionale all\u2019ottimizzazione della fruizione del sito, e quindi esclusivamente a garantire la migliore navigazione nell\u2019ambito del sito stesso. Altri siti cui questo sito pu\u00f2 eventualmente \u201clinkare\u201d potrebbero contenere sistemi di tracciamento cui il titolare del sito \u00e8 estraneo. <\/p>\n\n\n\n<h2 class=\"wp-block-heading\">Cookie<\/h2>\n\n\n\n<p>Per rendere il nostro sito pi\u00f9 facile ed intuitivo facciamo uso dei cookie. I cookie sono piccole porzioni di dati che ci permettono di confrontare i visitatori nuovi e quelli passati e di capire come gli utenti navigano attraverso il nostro sito. Utilizziamo i dati raccolti grazie ai cookie per rendere l\u2019esperienza di navigazione pi\u00f9 piacevole e pi\u00f9 efficiente in futuro.<\/p>\n\n\n\n<p>I cookie non registrano alcuna informazione personale su un utente e gli eventuali dati identificabili non verranno memorizzati. Se si desidera disabilitare l\u2019uso dei cookie \u00e8 necessario personalizzare le impostazioni del proprio computer impostando la cancellazione di tutti i cookie o attivando un messaggio di avviso quando i cookie vengono memorizzati. Per procedere senza modificare l\u2019applicazione dei cookie \u00e8 sufficiente continuare con la navigazione.<\/p>\n\n\n\n<p>Visita&nbsp;<a href=\"http:\/\/www.aboutcookies.org\/\" target=\"_blank\" rel=\"noreferrer noopener\">AboutCookies.org<\/a>&nbsp;per ulteriori informazioni sui cookie e su come influenzano la tua esperienza di navigazione.<\/p>\n\n\n\n<p>I tipi di cookie che utilizziamo:<\/p>\n\n\n\n<p><strong>1. Cookie indispensabili<\/strong><\/p>\n\n\n\n<p>Questi cookie sono essenziali al fine di consentire di spostarsi in tutto il sito ed utilizzare a pieno le sue caratteristiche, come ad esempio accedere alle varie aree protette del sito. Senza questi cookie alcuni servizi necessari, come la compilazione di un form per un concorso, non possono essere fruiti.<\/p>\n\n\n\n<p><strong>2. Performance cookie<\/strong><\/p>\n\n\n\n<p>Questi cookie raccolgono informazioni su come gli utenti utilizzano un sito web, ad esempio, quali sono le pagine pi\u00f9 visitare, se si ricevono messaggi di errore da pagine web. Questi cookie non raccolgono informazioni che identificano un visitatore. Tutte le informazioni raccolte tramite cookie sono aggregate e quindi anonime. Vengono utilizzati solo per migliorare il funzionamento di un sito web. Utilizzando il nostro sito, l\u2019utente accetta che tali cookie possono essere installati sul proprio dispositivo.<\/p>\n\n\n\n<p><strong>3. Cookie di funzionalit\u00e0<\/strong><\/p>\n\n\n\n<p>I cookie consentono al sito di ricordare le scelte fatte dall\u2019utente (come il nome, la lingua o la regione di provenienza) e forniscono funzionalit\u00e0 avanzate personalizzate. Questi cookie possono essere utilizzati anche per ricordare le modifiche apportate alla dimensione del testo, font ed altre parti di pagine web che \u00e8 possibile personalizzare.<\/p>\n\n\n\n<p>Essi possono anche essere utilizzati per fornire servizi che hai chiesto come guardare un video o i commenti su un blog. Le informazioni raccolte da questi tipi di cookie possono essere rese anonime e non in grado di monitorare la vostra attivit\u00e0 di navigazione su altri siti web.<\/p>\n\n\n\n<p>Utilizzando il nostro sito, l\u2019utente accetta che tali cookie possono essere installati sul proprio dispositivo.<\/p>\n\n\n\n<h2 class=\"wp-block-heading\">Come gestire i cookie sul tuo PC <br><\/h2>\n\n\n\n<p>Se si desidera consentire i cookie dal nostro sito, si prega di seguire i passaggi riportati di seguito,<\/p>\n\n\n\n<p>Google Chrome<br>1. Clicca su \u201cStrumenti\u201d nella parte superiore della finestra del browser e selezionare Opzioni<br>2. Fai clic sulla scheda \u2018Roba da smanettoni\u2019 , individua la sezione \u2018Privacy\u2019, e seleziona il pulsante \u201cImpostazioni contenuto\u201d<br>3. Ora seleziona \u2018Consenti dati locali da impostare\u2019<\/p>\n\n\n\n<p>Microsoft Internet Explorer 6.0, 7.0, 8.0, 9.0<br>1. Clicca su \u201cStrumenti\u201d nella parte superiore della finestra del browser e seleziona \u2018Opzioni Internet\u2019, quindi fai clic sulla scheda \u2018Privacy\u2019<br>2. Per attivare i cookie nel tuo browser, assicurati che il livello di privacy \u00e8 impostato su Medio o al di sotto,<br>3. Impostando il livello di privacy sopra il Medio disattiverai l\u2019utilizzo dei cookies.<\/p>\n\n\n\n<p>Mozilla Firefox<br>1. Clicca su \u201cStrumenti\u201d nella parte superiore della finestra del browser e seleziona \u201cOpzioni\u201d<br>2. Quindi seleziona l\u2019icona Privacy<br>3. Fai clic su Cookie, quindi seleziona \u2018permetto ai siti l\u2019utilizzo dei cookie\u2019<\/p>\n\n\n\n<p><\/p>\n\n\n\n<p>Safari<br>1. Fai clic sull\u2019icona Cog nella parte superiore della finestra del browser e seleziona l\u2019opzione \u201cPreferenze\u201d<br>2. Fai clic su \u2018Protezione\u2019, seleziona l\u2019opzione che dice \u2018Blocco di terze parti e di cookie per la pubblicit\u00e0\u2019<br>3. Fai clic su \u2018Salva\u2019<\/p>\n\n\n\n<h2 class=\"wp-block-heading\">Come gestire i cookie su Mac <\/h2>\n\n\n\n<p>Se si desidera consentire i cookie dal nostro sito, si prega di seguire i passaggi riportati di seguito:<\/p>\n\n\n\n<p>Microsoft Internet Explorer 5.0 su OSX<br>1. Fai clic su \u2018Esplora\u2019 nella parte superiore della finestra del browser e seleziona l\u2019opzione \u201cPreferenze\u201d<br>2. Scorri verso il basso fino a visualizzare \u201cCookie\u201d nella sezione File Ricezione<br>3. Seleziona l\u2019opzione \u2018Non chiedere\u2019<\/p>\n\n\n\n<p>Safari su OSX<br>1. Fai clic su \u2018Safari\u2019 nella parte superiore della finestra del browser e seleziona l\u2019opzione \u201cPreferenze\u201d<br>2. Fai clic su \u2018Sicurezza\u2019 e poi \u2018Accetta i cookie\u2019<br>3. Seleziona \u201cSolo dal sito\u201d<\/p>\n\n\n\n<p>Mozilla e Netscape su OSX<br>1. Fai clic su \u2018Mozilla\u2019 o \u2018Netscape\u2019 nella parte superiore della finestra del browser e seleziona l\u2019opzione \u201cPreferenze\u201d<br>2. Scorri verso il basso fino a visualizzare i cookie sotto \u2018Privacy e sicurezza\u2019<br>3. Seleziona \u2018Abilita i cookie solo per il sito di origine\u2019<\/p>\n\n\n\n<p>Opera<br>1. Fai clic su \u2018Menu\u2019 nella parte superiore della finestra del browser e seleziona \u201cImpostazioni\u201d<br>2. Quindi seleziona \u201cPreferenze\u201d, seleziona la scheda \u2018Avanzate\u2019<br>3. Quindi seleziona l\u2019opzione \u2018Accetta i cookie \u201d<\/p>\n\n\n\n<h2 class=\"wp-block-heading\">Google Analytics <\/h2>\n\n\n\n<p>Questo sito web utilizza Google Analytics, un servizio di analisi web fornito da Google, Inc. (\u201cGoogle\u201d). Google Analytics utilizza dei \u201ccookies\u201d , che sono file di testo depositati sul Vostro computer per consentire al sito web di analizzare come gli utenti utilizzano il sito . Le informazioni generate dal cookie sull\u2019utilizzo del sito web (compreso il Vostro indirizzo IP anonimo) verranno trasmesse e depositate presso i server di Google negli Stati Uniti.<\/p>\n\n\n\n<p>Google utilizzer\u00e0 queste informazioni allo scopo di esaminare il Vostro utilizzo del sito web, compilare report sulle attivit\u00e0 del sito per gli operatori dello stesso e fornire altri servizi relativi alle attivit\u00e0 del sito web e all\u2019utilizzo di internet. Google pu\u00f2 anche trasferire queste informazioni a terzi ove ci\u00f2 sia imposto dalla legge o laddove tali terzi trattino le suddette informazioni per conto di Google . Google non assocer\u00e0 il vostro indirizzo IP a nessun altro dato posseduto da Google. Potete rifiutarvi di usare i cookies selezionando l\u2019impostazione appropriata sul vostro browser, ma si prega di notare che se si fa questo non si pu\u00f2 essere in grado di utilizzare tutte le funzionalit\u00e0 di questo sito web.<\/p>\n\n\n\n<p>Utilizzando il presente sito web, voi acconsentite al trattamento dei Vostri dati da parte di Google per le modalit\u00e0 ed i fini sopraindicati.<\/p>\n\n\n\n<p>Si pu\u00f2 impedire a Google il rilevamento di un cookie che viene generato a causa di e legato al Vostro utilizzo di questo sito web (compreso il Vostro indirizzo IP) e l\u2019elaborazione di tali dati scaricando e installando questo plugin per il browser:&nbsp;<a href=\"http:\/\/tools.google.com\/dlpage\/gaoptout?hl=en\" target=\"_blank\" rel=\"noreferrer noopener\">http:\/\/tools.google.com\/dlpage\/gaoptout?hl=en<\/a><a href=\"https:\/\/www.propaganda.it\/index.php?o=where-to-buy-haridra-with-prescription\">.<\/a><\/p>\n","protected":false},"excerpt":{"rendered":"<p>L\u2019uso dei cookies di sessione \u00e8 strettamente funzionale all\u2019ottimizzazione della fruizione del sito, e quindi esclusivamente a garantire la migliore navigazione nell\u2019ambito del sito stesso. Altri siti cui questo sito pu\u00f2 eventualmente \u201clinkare\u201d potrebbero contenere sistemi di tracciamento cui il titolare del sito \u00e8 estraneo. Cookie Per rendere il nostro sito pi\u00f9 facile ed intuitivo&#8230;<\/p>\n","protected":false},"author":2,"featured_media":0,"parent":0,"menu_order":0,"comment_status":"closed","ping_status":"closed","template":"","meta":{"inline_featured_image":false,"footnotes":""},"aioseo_notices":[],"_links":{"self":[{"href":"https:\/\/www.selvazzanobasket.it\/index.php\/wp-json\/wp\/v2\/pages\/1572"}],"collection":[{"href":"https:\/\/www.selvazzanobasket.it\/index.php\/wp-json\/wp\/v2\/pages"}],"about":[{"href":"https:\/\/www.selvazzanobasket.it\/index.php\/wp-json\/wp\/v2\/types\/page"}],"author":[{"embeddable":true,"href":"https:\/\/www.selvazzanobasket.it\/index.php\/wp-json\/wp\/v2\/users\/2"}],"replies":[{"embeddable":true,"href":"https:\/\/www.selvazzanobasket.it\/index.php\/wp-json\/wp\/v2\/comments?post=1572"}],"version-history":[{"count":1,"href":"https:\/\/www.selvazzanobasket.it\/index.php\/wp-json\/wp\/v2\/pages\/1572\/revisions"}],"predecessor-version":[{"id":1573,"href":"https:\/\/www.selvazzanobasket.it\/index.php\/wp-json\/wp\/v2\/pages\/1572\/revisions\/1573"}],"wp:attachment":[{"href":"https:\/\/www.selvazzanobasket.it\/index.php\/wp-json\/wp\/v2\/media?parent=1572"}],"curies":[{"name":"wp","href":"https:\/\/api.w.org\/{rel}","templated":true}]}}