{"id":749,"date":"2018-10-11T21:10:59","date_gmt":"2018-10-11T19:10:59","guid":{"rendered":"http:\/\/www.selvazzanobasket.it\/?page_id=749"},"modified":"2018-10-16T22:46:43","modified_gmt":"2018-10-16T20:46:43","slug":"progetto-scuola","status":"publish","type":"page","link":"https:\/\/www.selvazzanobasket.it\/index.php\/progetto-scuola\/","title":{"rendered":"Progetto scuola"},"content":{"rendered":"<div id=\"pl-749\"  class=\"panel-layout\" ><div id=\"pg-749-0\"  class=\"panel-grid panel-no-style\" ><div id=\"pgc-749-0-0\"  class=\"panel-grid-cell\" ><div id=\"panel-749-0-0-0\" class=\"so-panel widget widget_sow-editor panel-first-child panel-last-child\" data-index=\"0\" ><div\n\t\t\t\n\t\t\tclass=\"so-widget-sow-editor so-widget-sow-editor-base\"\n\t\t\t\n\t\t>\n<div class=\"siteorigin-widget-tinymce textwidget\">\n\t<p>Da diversi anni, Selvazzano Basket \u00e8 impegnato nella promozione del nostro sport verso gli alunni delle scuole elementari, con la collaborazione degli Istituti scolastici del territorio.<br \/>\nIl progetto prevede quattro ore di lezione in ciascuna classe. Si tratta di una grande opportunit\u00e0 per per far avvicinare i bambini, attraverso il gioco, al meraviglioso mondo della pallacanestro e apprendere le prime regole di disciplina da mantenere in palestra.<br \/>\nDa quest'anno, il progetto verr\u00e0 esteso anche alle scuole materne, perch\u00e8 ci piace condurre per mano anche i pi\u00f9 piccoli<br \/>\nIl progetto \u00e8 coordinato da Michele Lazzaretto, con la supervisione di Roberta Bettiol, responsabile del nostro Centro Minibasket, e con la collaborazione degli istruttori Nicol\u00f2 Bianco e Stefano Piccolo.<br \/>\nPer maggiori informazioni contatta la nostra segreteria. <\/p>\n<\/div>\n<\/div><\/div><\/div><\/div><\/div>","protected":false},"excerpt":{"rendered":"<p>Da diversi anni, Selvazzano Basket \u00e8 impegnato nella promozione del nostro sport verso gli alunni delle scuole elementari, con la collaborazione degli Istituti scolastici del territorio. Il progetto prevede quattro ore di lezione in ciascuna classe. Si tratta di una grande opportunit\u00e0 per per far avvicinare i bambini, attraverso il gioco, al meraviglioso mondo della&#8230;<\/p>\n","protected":false},"author":2,"featured_media":0,"parent":0,"menu_order":0,"comment_status":"closed","ping_status":"closed","template":"","meta":{"inline_featured_image":false,"footnotes":""},"aioseo_notices":[],"_links":{"self":[{"href":"https:\/\/www.selvazzanobasket.it\/index.php\/wp-json\/wp\/v2\/pages\/749"}],"collection":[{"href":"https:\/\/www.selvazzanobasket.it\/index.php\/wp-json\/wp\/v2\/pages"}],"about":[{"href":"https:\/\/www.selvazzanobasket.it\/index.php\/wp-json\/wp\/v2\/types\/page"}],"author":[{"embeddable":true,"href":"https:\/\/www.selvazzanobasket.it\/index.php\/wp-json\/wp\/v2\/users\/2"}],"replies":[{"embeddable":true,"href":"https:\/\/www.selvazzanobasket.it\/index.php\/wp-json\/wp\/v2\/comments?post=749"}],"version-history":[{"count":3,"href":"https:\/\/www.selvazzanobasket.it\/index.php\/wp-json\/wp\/v2\/pages\/749\/revisions"}],"predecessor-version":[{"id":939,"href":"https:\/\/www.selvazzanobasket.it\/index.php\/wp-json\/wp\/v2\/pages\/749\/revisions\/939"}],"wp:attachment":[{"href":"https:\/\/www.selvazzanobasket.it\/index.php\/wp-json\/wp\/v2\/media?parent=749"}],"curies":[{"name":"wp","href":"https:\/\/api.w.org\/{rel}","templated":true}]}}