{"id":884,"date":"2018-10-15T23:03:48","date_gmt":"2018-10-15T21:03:48","guid":{"rendered":"http:\/\/www.selvazzanobasket.it\/?page_id=884"},"modified":"2022-10-16T19:26:06","modified_gmt":"2022-10-16T17:26:06","slug":"under-16-2","status":"publish","type":"page","link":"https:\/\/www.selvazzanobasket.it\/index.php\/under-16-2\/","title":{"rendered":"Under 17"},"content":{"rendered":"<div id=\"pl-884\"  class=\"panel-layout\" ><div id=\"pg-884-0\"  class=\"panel-grid panel-no-style\" ><div id=\"pgc-884-0-0\"  class=\"panel-grid-cell panel-grid-cell-empty\" ><\/div><div id=\"pgc-884-0-1\"  class=\"panel-grid-cell\" ><div id=\"panel-884-0-1-0\" class=\"so-panel widget widget_sow-editor panel-first-child panel-last-child\" data-index=\"0\" ><div\n\t\t\t\n\t\t\tclass=\"so-widget-sow-editor so-widget-sow-editor-base\"\n\t\t\t\n\t\t>\n<div class=\"siteorigin-widget-tinymce textwidget\">\n\t<hr \/>\n<p><strong>Allenamenti:<\/strong><\/p>\n<p><em>Luned\u00ec<\/em>: 18:45 20:45 (A. Ceron )<\/p>\n<p><em>Marted\u00ec<\/em>: 19:00 21:00 (Kolbe )<\/p>\n<p><em>Gioved\u00ec<\/em>: 19:15 21:00 ( A. Ceron )<\/p>\n<p><em>Venerd\u00ec<\/em>: 19:15 21:00 ( Bernardi )<\/p>\n<hr \/>\n<p>&nbsp;<\/p>\n<\/div>\n<\/div><\/div><\/div><\/div><div id=\"pg-884-1\"  class=\"panel-grid panel-no-style\" ><div id=\"pgc-884-1-0\"  class=\"panel-grid-cell\" ><div id=\"panel-884-1-0-0\" class=\"so-panel widget widget_sow-editor panel-first-child panel-last-child\" data-index=\"1\" ><div\n\t\t\t\n\t\t\tclass=\"so-widget-sow-editor so-widget-sow-editor-base\"\n\t\t\t\n\t\t><h3 class=\"widget-title\">Roster Atleti <\/h3>\n<div class=\"siteorigin-widget-tinymce textwidget\">\n\t<p>La squadra \u00e8 formata da un progetto sportivo che vede le societ\u00e0 Selvazzano Basket, Usma e Petrarca unite nello scopo di portare avanti condivisione dei valori sportivi e tecnici.<\/p>\n<\/div>\n<\/div><\/div><\/div><\/div><div id=\"pg-884-2\"  class=\"panel-grid panel-no-style\" ><div id=\"pgc-884-2-0\"  class=\"panel-grid-cell\" ><div id=\"panel-884-2-0-0\" class=\"so-panel widget widget_sow-editor panel-first-child panel-last-child\" data-index=\"2\" ><div\n\t\t\t\n\t\t\tclass=\"so-widget-sow-editor so-widget-sow-editor-base\"\n\t\t\t\n\t\t><h3 class=\"widget-title\">Staff<\/h3>\n<div class=\"siteorigin-widget-tinymce textwidget\">\n\t<ul class=\"teamlist\">\n<li><a href=\"#barison-marco-strongcoachstrong\" class=\"popup-with-zoom-anim\">Barison Marco <strong>(Coach)<\/strong><\/a><div id=\"barison-marco-strongcoachstrong\" class=\"custom-popup zoom-anim-dialog mfp-hide\">\n<p>&nbsp;<\/p>\n<\/div><\/li>\n<li><a href=\"#punis-riccardo-strongcoachstrong\" class=\"popup-with-zoom-anim\">Punis Riccardo <strong>(Coach)<\/strong><\/a><div id=\"punis-riccardo-strongcoachstrong\" class=\"custom-popup zoom-anim-dialog mfp-hide\">\n<\/div><\/li>\n<li><a href=\"#pavan-aldo-strongdirettore-sportivostrong\" class=\"popup-with-zoom-anim\">Pavan Aldo <strong>(Direttore Sportivo)<\/strong><\/a><div id=\"pavan-aldo-strongdirettore-sportivostrong\" class=\"custom-popup zoom-anim-dialog mfp-hide\">\n<\/div><\/li>\n<\/ul>\n<\/div>\n<\/div><\/div><\/div><div id=\"pgc-884-2-1\"  class=\"panel-grid-cell panel-grid-cell-empty panel-grid-cell-mobile-last\" ><\/div><div id=\"pgc-884-2-2\"  class=\"panel-grid-cell panel-grid-cell-empty\" ><\/div><\/div><div id=\"pg-884-3\"  class=\"panel-grid panel-no-style\" ><div id=\"pgc-884-3-0\"  class=\"panel-grid-cell\" ><div id=\"panel-884-3-0-0\" class=\"so-panel widget widget_sow-editor panel-first-child panel-last-child\" data-index=\"3\" ><div\n\t\t\t\n\t\t\tclass=\"so-widget-sow-editor so-widget-sow-editor-base\"\n\t\t\t\n\t\t><h3 class=\"widget-title\">Calendario Partite<\/h3>\n<div class=\"siteorigin-widget-tinymce textwidget\">\n\t<\/div>\n<\/div><\/div><\/div><\/div><div id=\"pg-884-4\"  class=\"panel-grid panel-no-style\" ><div id=\"pgc-884-4-0\"  class=\"panel-grid-cell\" ><div id=\"panel-884-4-0-0\" class=\"so-panel widget widget_sow-editor panel-first-child panel-last-child\" data-index=\"4\" ><div\n\t\t\t\n\t\t\tclass=\"so-widget-sow-editor so-widget-sow-editor-base\"\n\t\t\t\n\t\t>\n<div class=\"siteorigin-widget-tinymce textwidget\">\n\t<p><strong>Calendario partite<\/strong><\/p>\n<p>&nbsp;<\/p>\n<p>Per la classifica e le designazioni consulta il sito <a href=\"https:\/\/www.fip.it\/risultati.aspx?com=PPD&amp;sesso=&amp;IDRegione=VE&amp;IDProvincia=PD\" target=\"_blank\" rel=\"noopener noreferrer\">FIP<\/a><\/p>\n<\/div>\n<\/div><\/div><\/div><\/div><\/div>","protected":false},"excerpt":{"rendered":"<p>Allenamenti: Luned\u00ec: 18:45 20:45 (A. Ceron ) Marted\u00ec: 19:00 21:00 (Kolbe ) Gioved\u00ec: 19:15 21:00 ( A. Ceron ) Venerd\u00ec: 19:15 21:00 ( Bernardi ) &nbsp; La squadra \u00e8 formata da un progetto sportivo che vede le societ\u00e0 Selvazzano Basket, Usma e Petrarca unite nello scopo di portare avanti condivisione dei valori sportivi e tecnici.<\/p>\n","protected":false},"author":2,"featured_media":0,"parent":0,"menu_order":0,"comment_status":"closed","ping_status":"closed","template":"","meta":{"inline_featured_image":false,"footnotes":""},"aioseo_notices":[],"_links":{"self":[{"href":"https:\/\/www.selvazzanobasket.it\/index.php\/wp-json\/wp\/v2\/pages\/884"}],"collection":[{"href":"https:\/\/www.selvazzanobasket.it\/index.php\/wp-json\/wp\/v2\/pages"}],"about":[{"href":"https:\/\/www.selvazzanobasket.it\/index.php\/wp-json\/wp\/v2\/types\/page"}],"author":[{"embeddable":true,"href":"https:\/\/www.selvazzanobasket.it\/index.php\/wp-json\/wp\/v2\/users\/2"}],"replies":[{"embeddable":true,"href":"https:\/\/www.selvazzanobasket.it\/index.php\/wp-json\/wp\/v2\/comments?post=884"}],"version-history":[{"count":115,"href":"https:\/\/www.selvazzanobasket.it\/index.php\/wp-json\/wp\/v2\/pages\/884\/revisions"}],"predecessor-version":[{"id":4118,"href":"https:\/\/www.selvazzanobasket.it\/index.php\/wp-json\/wp\/v2\/pages\/884\/revisions\/4118"}],"wp:attachment":[{"href":"https:\/\/www.selvazzanobasket.it\/index.php\/wp-json\/wp\/v2\/media?parent=884"}],"curies":[{"name":"wp","href":"https:\/\/api.w.org\/{rel}","templated":true}]}}